{"id":2346,"date":"2021-03-18T11:06:54","date_gmt":"2021-03-18T11:06:54","guid":{"rendered":"https:\/\/www.shamirpro.pt\/?post_type=product&#038;p=2346"},"modified":"2023-01-27T16:07:58","modified_gmt":"2023-01-27T16:07:58","slug":"shamir-relax-power","status":"publish","type":"product","link":"https:\/\/pro.shamir.com\/pt\/product\/shamir-relax-power\/","title":{"rendered":"Shamir Relax Power\u2122"},"content":{"rendered":"\n<h2 class=\"has-text-align-center wp-block-heading\">A solu\u00e7\u00e3o para o jovem presbita<\/h2>\n\n\n\n<div style=\"height:20px\" aria-hidden=\"true\" class=\"wp-block-spacer\"><\/div>\n\n\n\n<p class=\"has-text-align-center\">A lente Shamir Relax\u00ae Power\u2122 tem uma geometria \u00f3tica dedicada a quem entra pela primeira vez no mundo das lentes oft\u00e1lmicas progressivas, jovens presbitas a partir dos 40 anos e em\u00e9tropes com a primeira experi\u00eancia com \u00f3culos graduados. \u00c9 uma lente com progress\u00e3o interna, personalizada, \u00e9 produzida segundo a prescri\u00e7\u00e3o, as medidas de cada paciente e ainda as medidas da arma\u00e7\u00e3o que o utilizador escolher, proporcionando uma vis\u00e3o perfeita e confort\u00e1vel a todas as dist\u00e2ncias.<\/p>\n\n\n\n<div style=\"height:45px\" aria-hidden=\"true\" class=\"wp-block-spacer\"><\/div>\n\n\n<div class=\"wp-block-image\">\n<figure class=\"aligncenter size-large is-resized\"><img decoding=\"async\" src=\"https:\/\/www.shamirpro.pt\/wp-content\/uploads\/2021\/03\/RelaxPowerAdd.jpg\" alt=\"\" class=\"wp-image-2348\" width=\"267\" height=\"141\" srcset=\"https:\/\/pro.shamir.com\/pt\/wp-content\/uploads\/sites\/1\/2021\/03\/RelaxPowerAdd.jpg 641w, https:\/\/pro.shamir.com\/pt\/wp-content\/uploads\/sites\/1\/2021\/03\/RelaxPowerAdd-300x157.jpg 300w\" sizes=\"(max-width: 267px) 100vw, 267px\" \/><\/figure><\/div>\n\n\n<div style=\"height:30px\" aria-hidden=\"true\" class=\"wp-block-spacer\"><\/div>\n\n\n\n<h2 class=\"wp-block-heading\">Benef\u00edcios<\/h2>\n\n\n\n<div style=\"height:20px\" aria-hidden=\"true\" class=\"wp-block-spacer\"><\/div>\n\n\n\n<div class=\"wp-block-group\"><div class=\"wp-block-group__inner-container is-layout-flow wp-block-group-is-layout-flow\">\n<ul class=\"wp-block-list\">\n<li>F\u00e1cil transi\u00e7\u00e3o entre a zona de longe, livre de distor\u00e7\u00f5es, e a zona de leitura.<\/li>\n\n\n\n<li>Corredor de progress\u00e3o compacto para tornar confort\u00e1vel e natural a zona de perto<\/li>\n\n\n\n<li>Grande facilidade de acomoda\u00e7\u00e3o, proporcionando uma habitua\u00e7\u00e3o perfeita do jovem presbita \u00e0 sua primeira lente progressiva<\/li>\n\n\n\n<li>Garante uma melhor adapta\u00e7\u00e3o a adi\u00e7\u00f5es superiores no futuro<\/li>\n\n\n\n<li>Boa rela\u00e7\u00e3o qualidade-pre\u00e7o<\/li>\n<\/ul>\n<\/div><\/div>\n\n\n\n<div style=\"height:21px\" aria-hidden=\"true\" class=\"wp-block-spacer\"><\/div>\n\n\n<div class=\"wp-block-image\">\n<figure class=\"alignleft\"><img decoding=\"async\" width=\"50\" height=\"48\" src=\"https:\/\/www.shamirpro.pt\/wp-content\/uploads\/2019\/04\/alvo-12.png\" alt=\"\" class=\"wp-image-941\" \/><\/figure><\/div>\n\n\n<p><strong>Para quem: <\/strong>Jovens presbitas, a partir dos 40 anos, que procuram uma vis\u00e3o n\u00edtida e habitua\u00e7\u00e3o perfeita \u00e0s suas primeiras lentes progressivas.<\/p>\n\n\n\n<div style=\"height:83px\" aria-hidden=\"true\" class=\"wp-block-spacer\"><\/div>\n\n\n\n<div class=\"wp-block-columns has-6-columns is-layout-flex wp-container-core-columns-is-layout-9d6595d7 wp-block-columns-is-layout-flex\">\n<div class=\"wp-block-column is-layout-flow wp-block-column-is-layout-flow\"><\/div>\n\n\n\n<div class=\"wp-block-column is-layout-flow wp-block-column-is-layout-flow\"><div class=\"wp-block-image\">\n<figure class=\"aligncenter is-resized\"><img decoding=\"async\" src=\"https:\/\/www.shamirpro.pt\/wp-content\/uploads\/2019\/11\/Garantia-100x100px-SHAMIR.png\" alt=\"\" class=\"wp-image-1471\" width=\"76\" height=\"76\" srcset=\"https:\/\/pro.shamir.com\/pt\/wp-content\/uploads\/sites\/1\/2019\/11\/Garantia-100x100px-SHAMIR.png 101w, https:\/\/pro.shamir.com\/pt\/wp-content\/uploads\/sites\/1\/2019\/11\/Garantia-100x100px-SHAMIR-100x100.png 100w\" sizes=\"(max-width: 76px) 100vw, 76px\" \/><figcaption class=\"wp-element-caption\">Garantia 2 meses<\/figcaption><\/figure><\/div><\/div>\n\n\n\n<div class=\"wp-block-column is-layout-flow wp-block-column-is-layout-flow\"><\/div>\n<\/div>\n\n\n\n<p><\/p>\n","protected":false},"template":"","meta":{"_acf_changed":false,"inline_featured_image":false,"_monsterinsights_skip_tracking":false,"_monsterinsights_sitenote_active":false,"_monsterinsights_sitenote_note":"","_monsterinsights_sitenote_category":0},"class_list":["post-2346","product","type-product","status-publish","hentry"],"acf":[],"_links":{"self":[{"href":"https:\/\/pro.shamir.com\/pt\/wp-json\/wp\/v2\/product\/2346","targetHints":{"allow":["GET"]}}],"collection":[{"href":"https:\/\/pro.shamir.com\/pt\/wp-json\/wp\/v2\/product"}],"about":[{"href":"https:\/\/pro.shamir.com\/pt\/wp-json\/wp\/v2\/types\/product"}],"wp:attachment":[{"href":"https:\/\/pro.shamir.com\/pt\/wp-json\/wp\/v2\/media?parent=2346"}],"curies":[{"name":"wp","href":"https:\/\/api.w.org\/{rel}","templated":true}]}}